{"id":52283,"date":"2026-04-14T14:33:28","date_gmt":"2026-04-14T14:33:28","guid":{"rendered":"https:\/\/psb-marine.com\/declaracion-accesibilidad\/"},"modified":"2026-04-14T14:33:29","modified_gmt":"2026-04-14T14:33:29","slug":"declaracion-accesibilidad","status":"publish","type":"page","link":"https:\/\/psb-marine.com\/es\/declaracion-accesibilidad\/","title":{"rendered":"Declaraci\u00f3n de accesibilidad"},"content":{"rendered":"<p>[et_pb_section fb_built=\u00bb1&#8243; _builder_version=\u00bb4.27.5&#8243; _module_preset=\u00bbdefault\u00bb background_color=\u00bb#39648C\u00bb height=\u00bb160px\u00bb height_tablet=\u00bb0px\u00bb height_phone=\u00bb\u00bb height_last_edited=\u00bbon|tablet\u00bb custom_padding=\u00bb0px||0px||false|false\u00bb global_colors_info=\u00bb{}\u00bb theme_builder_area=\u00bbpost_content\u00bb][\/et_pb_section][et_pb_section fb_built=\u00bb1&#8243; _builder_version=\u00bb4.27.5&#8243; _module_preset=\u00bbdefault\u00bb custom_padding=\u00bb||||false|false\u00bb global_colors_info=\u00bb{}\u00bb][et_pb_row _builder_version=\u00bb4.19.5&#8243; _module_preset=\u00bbdefault\u00bb global_colors_info=\u00bb{}\u00bb][et_pb_column type=\u00bb4_4&#8243; _builder_version=\u00bb4.19.5&#8243; _module_preset=\u00bbdefault\u00bb global_colors_info=\u00bb{}\u00bb][et_pb_text admin_label=\u00bbTexto\u00bb _builder_version=\u00bb4.27.5&#8243; _module_preset=\u00bbdefault\u00bb header_font=\u00bb|800|||||||\u00bb header_font_size=\u00bb39px\u00bb header_letter_spacing=\u00bb1px\u00bb custom_margin=\u00bb||15px||false|false\u00bb header_font_size_tablet=\u00bb32px\u00bb header_font_size_phone=\u00bb24px\u00bb header_font_size_last_edited=\u00bbon|phone\u00bb global_colors_info=\u00bb{}\u00bb]<\/p>\n<h1>Declaraci\u00f3n de accesibilidad<\/h1>\n<p>[\/et_pb_text][et_pb_text admin_label=\u00bbTexto\u00bb _builder_version=\u00bb4.27.5&#8243; _module_preset=\u00bbdefault\u00bb header_2_font=\u00bb|700|||||||\u00bb header_2_font_size=\u00bb19px\u00bb header_2_line_height=\u00bb1.3em\u00bb header_3_font=\u00bb|700||on|||||\u00bb header_3_font_size=\u00bb13px\u00bb header_3_letter_spacing=\u00bb1px\u00bb header_3_line_height=\u00bb1.4em\u00bb global_colors_info=\u00bb{}\u00bb]<\/p>\n<p>La organizaci\u00f3n PSB Marine Service Baleares S.L., con NIF: B07951379, se compromete a hacer accesible su sitio web https:\/\/psb-marine.com\/, de conformidad con lo dispuesto en el Real Decreto 1112\/2018, de 7 de septiembre, sobre accesibilidad de los sitios web y aplicaciones m\u00f3viles del sector p\u00fablico, as\u00ed como con los requisitos establecidos en la norma UNE-EN 301 549:2022, que establece directrices de accesibilidad para los contenidos web.<\/p>\n<p>Nuestro objetivo es garantizar que todos los usuarios, independientemente de sus capacidades o de las tecnolog\u00edas que utilicen para acceder al sitio web, puedan navegar por \u00e9l de forma f\u00e1cil, intuitiva y sin barreras.<\/p>\n<h2>Estado de cumplimiento<\/h2>\n<p>Este sitio web cumple parcialmente con la norma UNE-EN 301 549:2022 debido a ciertos incumplimientos, tal como se detalla a continuaci\u00f3n.<\/p>\n<h3>Contenido no accesible<\/h3>\n<p>El contenido que se muestra a continuaci\u00f3n no es accesible por los siguientes motivos:<\/p>\n<h3>Incumplimiento de las normas de accesibilidad<\/h3>\n<p>Es posible que algunos contenidos del sitio web no cumplan completamente con los requisitos de accesibilidad establecidos en la norma UNE-EN 301 549:2022, por ejemplo:<\/p>\n<ul>\n<li>Es posible que algunas im\u00e1genes carezcan de texto alternativo adecuado.<\/li>\n<li>Es posible que algunos elementos interactivos no funcionen completamente mediante el teclado.<\/li>\n<li>Es posible que algunos documentos PDF publicados antes de la entrada en vigor de esta normativa no cumplan plenamente con los requisitos de accesibilidad.<\/li>\n<li>Es posible que exista contenido de terceros que no est\u00e9 totalmente adaptado a los criterios de accesibilidad.<\/li>\n<\/ul>\n<h3>Carga desproporcionada<\/h3>\n<p>Not applicable.<\/p>\n<h3>Contenido que queda fuera del \u00e1mbito de aplicaci\u00f3n de la legislaci\u00f3n.<\/h3>\n<p>Es posible que existan documentos de oficina o contenido multimedia publicados antes del 20 de septiembre de 2018 que no cumplan plenamente con todos los requisitos de accesibilidad.<\/p>\n<h2>Preparaci\u00f3n de esta declaraci\u00f3n de accesibilidad<\/h2>\n<p>Esta declaraci\u00f3n fue elaborada el 16 de marzo de 2026.<\/p>\n<p>The method used to prepare this statement was a self-assessment carried out by the website owner, based on manual reviews and automated accessibility analysis tools.<\/p>\n<p>\u00daltima revisi\u00f3n del estado de cuenta: 16 de marzo de 2026.<\/p>\n<h2>Informaci\u00f3n de contacto y comentarios<\/h2>\n<p>Si encuentra alguna dificultad para acceder al contenido de este sitio web o desea informar sobre alg\u00fan problema de accesibilidad, puede ponerse en contacto con nosotros a trav\u00e9s de los siguientes medios:<\/p>\n<p>-Correo electr\u00f3nico: info@psb-marine.com<br \/>-Formulario de contacto disponible en el sitio web<\/p>\n<p>Entre otras cosas, usted puede:<\/p>\n<ul>\n<li>Informe sobre cualquier posible incumplimiento de las normas de accesibilidad.<\/li>\n<li>Comunique las dificultades que tenga para acceder al contenido.<\/li>\n<li>Env\u00edenos cualquier otra consulta o sugerencia para mejorar la accesibilidad del sitio web.<\/li>\n<\/ul>\n<h2>Procedimiento de ejecuci\u00f3n<\/h2>\n<p>Si, tras presentar una solicitud de informaci\u00f3n accesible o una reclamaci\u00f3n, esta ha sido rechazada, usted no est\u00e1 de acuerdo con la decisi\u00f3n o la respuesta no cumple con los requisitos establecidos en el art\u00edculo 12.5 del Real Decreto 1112\/2018, el interesado podr\u00e1 iniciar una reclamaci\u00f3n para comprender y oponerse a los motivos del rechazo o solicitar las medidas correctivas adecuadas.<\/p>\n<p>Tambi\u00e9n se puede interponer una reclamaci\u00f3n si han transcurrido veinte d\u00edas h\u00e1biles sin recibir respuesta.<\/p>\n<p>Las reclamaciones pueden presentarse a trav\u00e9s de los mecanismos de contacto disponibles en este sitio web.<\/p>\n<p>[\/et_pb_text][\/et_pb_column][\/et_pb_row][\/et_pb_section]<\/p>\n","protected":false},"excerpt":{"rendered":"<p>Declaraci\u00f3n de accesibilidadLa organizaci\u00f3n PSB Marine Service Baleares S.L., con NIF: B07951379, se compromete a hacer accesible su sitio web https:\/\/psb-marine.com\/, de conformidad con lo dispuesto en el Real Decreto 1112\/2018, de 7 de septiembre, sobre accesibilidad de los sitios web y aplicaciones m\u00f3viles del sector p\u00fablico, as\u00ed como con los requisitos establecidos en la norma UNE-EN 301 549:2022, que establece directrices de accesibilidad para los contenidos web. Nuestro objetivo es garantizar que todos los usuarios, independientemente de sus capacidades o de las tecnolog\u00edas que utilicen para acceder al sitio web, puedan navegar por \u00e9l de forma f\u00e1cil, intuitiva y sin barreras. Estado de cumplimiento Este sitio web cumple parcialmente con la norma UNE-EN 301 549:2022 debido a ciertos incumplimientos, tal como se detalla a continuaci\u00f3n. Contenido no accesible El contenido que se muestra a continuaci\u00f3n no es accesible por los siguientes motivos: Incumplimiento de las normas de accesibilidad Es posible que algunos contenidos del sitio web no cumplan completamente con los requisitos de accesibilidad establecidos en la norma UNE-EN 301 549:2022, por ejemplo: Es posible que algunas im\u00e1genes carezcan de texto alternativo adecuado. Es posible que algunos elementos interactivos no funcionen completamente mediante el teclado. Es posible que algunos [&hellip;]<\/p>\n","protected":false},"author":3,"featured_media":0,"parent":0,"menu_order":0,"comment_status":"closed","ping_status":"closed","template":"","meta":{"_et_pb_use_builder":"on","_et_pb_old_content":"","_et_gb_content_width":"","footnotes":""},"class_list":["post-52283","page","type-page","status-publish","hentry"],"_links":{"self":[{"href":"https:\/\/psb-marine.com\/es\/wp-json\/wp\/v2\/pages\/52283","targetHints":{"allow":["GET"]}}],"collection":[{"href":"https:\/\/psb-marine.com\/es\/wp-json\/wp\/v2\/pages"}],"about":[{"href":"https:\/\/psb-marine.com\/es\/wp-json\/wp\/v2\/types\/page"}],"author":[{"embeddable":true,"href":"https:\/\/psb-marine.com\/es\/wp-json\/wp\/v2\/users\/3"}],"replies":[{"embeddable":true,"href":"https:\/\/psb-marine.com\/es\/wp-json\/wp\/v2\/comments?post=52283"}],"version-history":[{"count":0,"href":"https:\/\/psb-marine.com\/es\/wp-json\/wp\/v2\/pages\/52283\/revisions"}],"wp:attachment":[{"href":"https:\/\/psb-marine.com\/es\/wp-json\/wp\/v2\/media?parent=52283"}],"curies":[{"name":"wp","href":"https:\/\/api.w.org\/{rel}","templated":true}]}}