{"id":52059,"date":"2025-07-24T09:21:50","date_gmt":"2025-07-24T09:21:50","guid":{"rendered":"https:\/\/psb-marine.com\/servicios-para-barcos-y-yates-mallorca\/"},"modified":"2025-07-24T09:21:52","modified_gmt":"2025-07-24T09:21:52","slug":"servicios-para-barcos-y-yates-mallorca","status":"publish","type":"page","link":"https:\/\/psb-marine.com\/es\/servicios-para-barcos-y-yates-mallorca\/","title":{"rendered":"Servicios para barcos y yates en Mallorca"},"content":{"rendered":"<p>[et_pb_section fb_built=\u00bb1&#8243; _builder_version=\u00bb4.0.4&#8243; background_image=\u00bbhttps:\/\/psb-marine.com\/wp-content\/uploads\/2019\/11\/Fondo2-1.jpg\u00bb custom_padding=\u00bb116px|0px|43px|0px||\u00bb global_colors_info=\u00bb{}\u00bb][et_pb_row _builder_version=\u00bb3.26.6&#8243; background_color=\u00bbrgba(0,0,0,0.39)\u00bb max_width=\u00bb500px\u00bb global_colors_info=\u00bb{}\u00bb][et_pb_column type=\u00bb4_4&#8243; _builder_version=\u00bb3.25&#8243; custom_padding=\u00bb|||\u00bb global_colors_info=\u00bb{}\u00bb custom_padding__hover=\u00bb|||\u00bb][et_pb_text _builder_version=\u00bb4.10.5&#8243; text_font=\u00bb||||||||\u00bb header_line_height=\u00bb1.3em\u00bb background_layout=\u00bbdark\u00bb animation_style=\u00bbfade\u00bb animation_delay=\u00bb100ms\u00bb global_colors_info=\u00bb{}\u00bb]<\/p>\n<h1 style=\"text-align: center;\"><strong>Servicios para barcos y yates en Mallorca<\/strong><\/h1>\n<p>[\/et_pb_text][\/et_pb_column][\/et_pb_row][\/et_pb_section][et_pb_section fb_built=\u00bb1&#8243; _builder_version=\u00bb4.4.4&#8243; custom_padding=\u00bb55px||10px|||\u00bb global_colors_info=\u00bb{}\u00bb][et_pb_row column_structure=\u00bb1_2,1_2&#8243; make_equal=\u00bbon\u00bb _builder_version=\u00bb4.4.4&#8243; custom_margin=\u00bb|auto|||false|false\u00bb global_colors_info=\u00bb{}\u00bb][et_pb_column type=\u00bb1_2&#8243; _builder_version=\u00bb3.26.6&#8243; global_colors_info=\u00bb{}\u00bb][et_pb_text _builder_version=\u00bb4.10.5&#8243; header_2_font=\u00bb|700|||||||\u00bb global_colors_info=\u00bb{}\u00bb]<\/p>\n<h2><span style=\"text-decoration: underline;\">Servicio de custodia y mantenimiento de Barcos y Yates en Mallorca<\/span><\/h2>\n<p>En PSB Marine contamos con un equipo experimentado que incluye limpiadores e ingenieros que cuidar\u00e1n de su embarcaci\u00f3n cuando usted no est\u00e9, siempre entregando un servicio de buena calidad.<\/p>\n<p>Tendremos tu barco listo para tu llegada y tambi\u00e9n nos ocuparemos de \u00e9l cuando termine la temporada.<\/p>\n<p>Un programa adecuado de limpieza y mantenimiento durante el per\u00edodo invernal prolongar\u00e1 la vida \u00fatil de sus barcos y evitar\u00e1 que sufra aver\u00edas importantes, asegurando que est\u00e9 en buen estado y listo para salir cuando comience la temporada de navegaci\u00f3n.<\/p>\n<p>[\/et_pb_text][et_pb_button button_url=\u00bbhttps:\/\/psb-marine.com\/boat-gardiennage-in-mallorca\/\u00bb button_text=\u00bbVer servicios completos de gardiennage\u00bb button_alignment=\u00bbleft\u00bb _builder_version=\u00bb4.4.4&#8243; custom_button=\u00bbon\u00bb button_text_size=\u00bb19px\u00bb button_border_radius=\u00bb0px\u00bb global_colors_info=\u00bb{}\u00bb button_bg_color__hover_enabled=\u00bbon|hover\u00bb button_bg_color__hover=\u00bb#f7f7f7&#8243; button_bg_enable_color__hover=\u00bbon\u00bb][\/et_pb_button][\/et_pb_column][et_pb_column type=\u00bb1_2&#8243; _builder_version=\u00bb4.4.4&#8243; background_image=\u00bbhttps:\/\/psb-marine.com\/wp-content\/uploads\/2019\/11\/Chicosfundas-1.jpg\u00bb custom_padding_tablet=\u00bb100px||100px||true|false\u00bb custom_padding_phone=\u00bb90px||90px||true|false\u00bb custom_padding_last_edited=\u00bbon|phone\u00bb global_colors_info=\u00bb{}\u00bb custom_css_main_element_last_edited=\u00bbon|tablet\u00bb custom_css_main_element_tablet=\u00bb||display: block!important;||\u00bb][\/et_pb_column][\/et_pb_row][\/et_pb_section][et_pb_section fb_built=\u00bb1&#8243; disabled_on=\u00bbon|on|off\u00bb _builder_version=\u00bb4.0.4&#8243; custom_padding=\u00bb41px||10px|||\u00bb global_colors_info=\u00bb{}\u00bb][et_pb_row column_structure=\u00bb1_2,1_2&#8243; make_equal=\u00bbon\u00bb _builder_version=\u00bb4.4.4&#8243; custom_margin=\u00bb|auto|||false|false\u00bb global_colors_info=\u00bb{}\u00bb custom_css_main_element_last_edited=\u00bbon|phone\u00bb custom_css_main_element_tablet=\u00bb||\u00bb][et_pb_column type=\u00bb1_2&#8243; _builder_version=\u00bb4.4.4&#8243; background_image=\u00bbhttps:\/\/psb-marine.com\/wp-content\/uploads\/2019\/07\/storage-4.jpg\u00bb custom_padding_tablet=\u00bb100px||100px||true|false\u00bb custom_padding_phone=\u00bb90px||90px||true|false\u00bb custom_padding_last_edited=\u00bbon|phone\u00bb global_colors_info=\u00bb{}\u00bb custom_css_main_element_last_edited=\u00bbon|tablet\u00bb custom_css_main_element_tablet=\u00bb||display: block!important;||\u00bb][\/et_pb_column][et_pb_column type=\u00bb1_2&#8243; _builder_version=\u00bb3.26.6&#8243; global_colors_info=\u00bb{}\u00bb][et_pb_text _builder_version=\u00bb4.10.5&#8243; header_2_font=\u00bb|700|||||||\u00bb global_colors_info=\u00bb{}\u00bb]<\/p>\n<h2><span style=\"text-decoration: underline;\">Servicio de invernaje en Mallorca<\/span><\/h2>\n<p>\u00bfEst\u00e1 buscando las mejores instalaciones de almacenamiento interior para guardar su barco durante la temporada de invierno? En PSB Marine Service podemos ofrecerte el mejor servicio de invernaje en Mallorca. Tenemos nuestro propio almacenamiento interior de 1,000 metros cuadrados donde su barco puede estar seguro y protegido durante este per\u00edodo.  <\/p>\n<p><span>Se ha demostrado que un programa de preparaci\u00f3n para el invierno adecuado alarga la vida \u00fatil de su embarcaci\u00f3n y reduce significativamente la cantidad de reparaciones necesarias.<\/span><\/p>\n<p><span>Tambi\u00e9n podemos encargarnos de recoger su barco de su amarre y entregarlo en el astillero, levantarlo y almacenarlo.<\/span><\/p>\n<p>[\/et_pb_text][et_pb_button button_url=\u00bbhttps:\/\/psb-marine.com\/winter-storage-mallorca\/\u00bb button_text=\u00bbVer servicios completos de almacenamiento\u00bb button_alignment=\u00bbleft\u00bb _builder_version=\u00bb4.4.4&#8243; custom_button=\u00bbon\u00bb button_text_size=\u00bb19px\u00bb button_border_radius=\u00bb0px\u00bb global_colors_info=\u00bb{}\u00bb button_bg_color__hover_enabled=\u00bbon|hover\u00bb button_bg_color__hover=\u00bb#f7f7f7&#8243; button_bg_enable_color__hover=\u00bbon\u00bb][\/et_pb_button][\/et_pb_column][\/et_pb_row][\/et_pb_section][et_pb_section fb_built=\u00bb1&#8243; disabled_on=\u00bboff|off|on\u00bb _builder_version=\u00bb4.4.4&#8243; custom_padding=\u00bb41px||10px|||\u00bb global_colors_info=\u00bb{}\u00bb][et_pb_row column_structure=\u00bb1_2,1_2&#8243; make_equal=\u00bbon\u00bb _builder_version=\u00bb4.4.4&#8243; custom_margin=\u00bb|auto|||false|false\u00bb global_colors_info=\u00bb{}\u00bb custom_css_main_element_last_edited=\u00bbon|phone\u00bb custom_css_main_element_tablet=\u00bb||\u00bb][et_pb_column type=\u00bb1_2&#8243; _builder_version=\u00bb3.26.6&#8243; global_colors_info=\u00bb{}\u00bb][et_pb_text _builder_version=\u00bb4.10.5&#8243; header_2_font=\u00bb|700|||||||\u00bb global_colors_info=\u00bb{}\u00bb]<\/p>\n<h2><span style=\"text-decoration: underline;\">Servicio de invernaje en Mallorca<\/span><\/h2>\n<p>\u00bfEst\u00e1 buscando las mejores instalaciones de almacenamiento interior para guardar su barco durante la temporada de invierno? En PSB Marine Service podemos ofrecerte el mejor servicio de invernaje en Mallorca. Tenemos nuestro propio almacenamiento interior de 1,000 metros cuadrados donde su barco puede estar seguro y protegido durante este per\u00edodo.  <\/p>\n<p><span>Se ha demostrado que un programa de preparaci\u00f3n para el invierno adecuado alarga la vida \u00fatil de su embarcaci\u00f3n y reduce significativamente la cantidad de reparaciones necesarias.<\/span><\/p>\n<p><span>Tambi\u00e9n podemos encargarnos de recoger su barco de su amarre y entregarlo en el astillero, levantarlo y almacenarlo.<\/span><\/p>\n<p>[\/et_pb_text][et_pb_button button_url=\u00bbhttps:\/\/psb-marine.com\/winter-storage-mallorca\/\u00bb button_text=\u00bbVer servicios completos de almacenamiento\u00bb button_alignment=\u00bbleft\u00bb _builder_version=\u00bb4.4.4&#8243; custom_button=\u00bbon\u00bb button_text_size=\u00bb19px\u00bb button_border_radius=\u00bb0px\u00bb global_colors_info=\u00bb{}\u00bb button_bg_color__hover_enabled=\u00bbon|hover\u00bb button_bg_color__hover=\u00bb#f7f7f7&#8243; button_bg_enable_color__hover=\u00bbon\u00bb][\/et_pb_button][\/et_pb_column][et_pb_column type=\u00bb1_2&#8243; _builder_version=\u00bb4.4.4&#8243; background_image=\u00bbhttps:\/\/psb-marine.com\/wp-content\/uploads\/2019\/07\/storage-4.jpg\u00bb custom_padding_tablet=\u00bb100px||100px||true|false\u00bb custom_padding_phone=\u00bb90px||90px||true|false\u00bb custom_padding_last_edited=\u00bbon|phone\u00bb global_colors_info=\u00bb{}\u00bb custom_css_main_element_last_edited=\u00bbon|tablet\u00bb custom_css_main_element_tablet=\u00bb||display: block!important;||\u00bb][\/et_pb_column][\/et_pb_row][\/et_pb_section][et_pb_section fb_built=\u00bb1&#8243; _builder_version=\u00bb4.0.4&#8243; custom_padding=\u00bb41px||10px|||\u00bb global_colors_info=\u00bb{}\u00bb][et_pb_row column_structure=\u00bb1_2,1_2&#8243; make_equal=\u00bbon\u00bb _builder_version=\u00bb4.4.4&#8243; custom_margin=\u00bb|auto|||false|false\u00bb global_colors_info=\u00bb{}\u00bb][et_pb_column type=\u00bb1_2&#8243; _builder_version=\u00bb3.26.6&#8243; global_colors_info=\u00bb{}\u00bb][et_pb_text _builder_version=\u00bb4.10.5&#8243; header_2_font=\u00bb|700|||||||\u00bb global_colors_info=\u00bb{}\u00bb]<\/p>\n<h2><span style=\"text-decoration: underline;\">Servicio de reacondicionamiento de embarcaciones en Mallorca<\/span><\/h2>\n<p><span>En <\/span><strong>PSB Marine<\/strong><span> ofrecemos una gesti\u00f3n integral para todo tipo de reparaciones: grandes proyectos, reparaciones de emergencia, revisiones mensuales, trabajos de mantenimiento anuales y un servicio personalizado y completo llave en mano, asegur\u00e1ndonos de que su embarcaci\u00f3n est\u00e9 lista y en excelentes condiciones cuando vuelva a bordo.<\/span><\/p>\n<p>[\/et_pb_text][et_pb_button button_url=\u00bbhttps:\/\/psb-marine.com\/refit-in-mallorca\/\u00bb button_text=\u00bbVer servicios completos de reacondicionamiento\u00bb button_alignment=\u00bbleft\u00bb _builder_version=\u00bb4.4.4&#8243; custom_button=\u00bbon\u00bb button_text_size=\u00bb19px\u00bb button_border_radius=\u00bb0px\u00bb global_colors_info=\u00bb{}\u00bb button_bg_color__hover_enabled=\u00bbon|hover\u00bb button_bg_color__hover=\u00bb#f7f7f7&#8243; button_bg_enable_color__hover=\u00bbon\u00bb][\/et_pb_button][\/et_pb_column][et_pb_column type=\u00bb1_2&#8243; _builder_version=\u00bb4.4.4&#8243; background_image=\u00bbhttps:\/\/psb-marine.com\/wp-content\/uploads\/2019\/08\/Refit-3-e1567496613184.jpg\u00bb custom_padding_tablet=\u00bb100px||100px||true|false\u00bb custom_padding_phone=\u00bb90px||90px||true|false\u00bb custom_padding_last_edited=\u00bbon|phone\u00bb global_colors_info=\u00bb{}\u00bb custom_css_main_element_last_edited=\u00bbon|tablet\u00bb custom_css_main_element_tablet=\u00bb||display: block!important;||\u00bb][\/et_pb_column][\/et_pb_row][\/et_pb_section][et_pb_section fb_built=\u00bb1&#8243; custom_padding_last_edited=\u00bbon|phone\u00bb _builder_version=\u00bb4.10.5&#8243; custom_padding=\u00bb30px||10px||false|false\u00bb custom_padding_tablet=\u00bb20px||||false|false\u00bb custom_padding_phone=\u00bb0px||||false|false\u00bb global_colors_info=\u00bb{}\u00bb][et_pb_row make_equal=\u00bbon\u00bb custom_padding_last_edited=\u00bbon|phone\u00bb _builder_version=\u00bb4.10.5&#8243; custom_margin=\u00bb|auto|||false|false\u00bb custom_padding=\u00bb||80px||false|false\u00bb custom_padding_tablet=\u00bb0px||||false|false\u00bb custom_padding_phone=\u00bb0px||||false|false\u00bb global_colors_info=\u00bb{}\u00bb][et_pb_column type=\u00bb4_4&#8243; _builder_version=\u00bb3.26.6&#8243; global_colors_info=\u00bb{}\u00bb][et_pb_button button_url=\u00bbhttps:\/\/psb-marine.com\/other-services\/\u00bb button_text=\u00bbVea otros servicios de barcos y yates que ofrecemos en Mallorca\u00bb button_alignment=\u00bbcenter\u00bb _builder_version=\u00bb4.10.5&#8243; custom_button=\u00bbon\u00bb button_text_size=\u00bb18px\u00bb button_text_color=\u00bb#969696&#8243; button_border_width=\u00bb0px\u00bb button_border_radius=\u00bb0px\u00bb button_font=\u00bb|||||||#bfbfbf|solid\u00bb button_use_icon=\u00bboff\u00bb global_colors_info=\u00bb{}\u00bb button_bg_color__hover_enabled=\u00bbon|hover\u00bb button_bg_color__hover=\u00bb#f7f7f7&#8243; button_bg_enable_color__hover=\u00bbon\u00bb button_text_color__hover_enabled=\u00bbon|hover\u00bb button_text_color__hover=\u00bb#66c4e6&#8243;][\/et_pb_button][\/et_pb_column][\/et_pb_row][\/et_pb_section][et_pb_section fb_built=\u00bb1&#8243; _builder_version=\u00bb3.22&#8243; background_color=\u00bb#1e2345&#8243; custom_padding=\u00bb20px|0px|20px|0px\u00bb saved_tabs=\u00bball\u00bb global_colors_info=\u00bb{}\u00bb global_module=\u00bb49547&#8243;][et_pb_row column_structure=\u00bb1_2,1_2&#8243; use_custom_gutter=\u00bbon\u00bb gutter_width=\u00bb1&#8243; custom_padding_last_edited=\u00bbon|phone\u00bb _builder_version=\u00bb4.9.7&#8243; custom_padding=\u00bb25px|0px|14px|0px|false|false\u00bb custom_padding_tablet=\u00bb\u00bb custom_padding_phone=\u00bb\u00bb global_colors_info=\u00bb{}\u00bb][et_pb_column type=\u00bb1_2&#8243; _builder_version=\u00bb3.25&#8243; custom_padding=\u00bb|||\u00bb global_colors_info=\u00bb{}\u00bb custom_padding__hover=\u00bb|||\u00bb][et_pb_text _builder_version=\u00bb4.9.7&#8243; text_font=\u00bb||||||||\u00bb ul_font=\u00bb||||||||\u00bb background_layout=\u00bbdark\u00bb custom_margin=\u00bb6px||0px||false|false\u00bb custom_margin_tablet=\u00bb||20px||false|false\u00bb custom_margin_phone=\u00bb\u00bb custom_margin_last_edited=\u00bbon|phone\u00bb custom_padding=\u00bb||||false|false\u00bb header_2_text_align_tablet=\u00bbcenter\u00bb header_2_text_align_phone=\u00bb\u00bb header_2_text_align_last_edited=\u00bbon|tablet\u00bb header_2_font_size_tablet=\u00bb22px\u00bb header_2_font_size_phone=\u00bb19px\u00bb header_2_font_size_last_edited=\u00bbon|phone\u00bb text_orientation_tablet=\u00bb\u00bb text_orientation_phone=\u00bbcenter\u00bb text_orientation_last_edited=\u00bbon|phone\u00bb global_colors_info=\u00bb{}\u00bb]<\/p>\n<h2><strong>\u00bfM\u00e1s informaci\u00f3n?<\/strong>  Contacta con nosotros en Mallorca<\/h2>\n<p>[\/et_pb_text][\/et_pb_column][et_pb_column type=\u00bb1_2&#8243; _builder_version=\u00bb3.25&#8243; custom_padding=\u00bb|||\u00bb global_colors_info=\u00bb{}\u00bb custom_padding__hover=\u00bb|||\u00bb][et_pb_button button_url=\u00bbhttps:\/\/psb-marine.com\/en\/contact\/\u00bb button_text=\u00bbContacto\u00bb button_alignment=\u00bbcenter\u00bb button_alignment_last_edited=\u00bboff|desktop\u00bb _builder_version=\u00bb4.9.7&#8243; custom_button=\u00bbon\u00bb button_text_color=\u00bb#1e2345&#8243; button_bg_color=\u00bb#ffffff\u00bb button_border_color=\u00bb#ffffff\u00bb button_border_radius=\u00bb25px\u00bb button_font=\u00bb||||||||\u00bb button_icon=\u00bb%%109%%\u00bb button_icon_color=\u00bb#ffffff\u00bb button_text_size_tablet=\u00bb\u00bb button_text_size_phone=\u00bb18px\u00bb button_text_size_last_edited=\u00bbon|phone\u00bb button_text_color_hover=\u00bb#ffffff\u00bb button_border_color_hover=\u00bb#ffffff\u00bb button_bg_color_hover=\u00bb#1e2345&#8243; global_colors_info=\u00bb{}\u00bb button_text_size__hover_enabled=\u00bboff\u00bb button_one_text_size__hover_enabled=\u00bboff\u00bb button_two_text_size__hover_enabled=\u00bboff\u00bb button_text_color__hover_enabled=\u00bbon\u00bb button_text_color__hover=\u00bb#ffffff\u00bb button_one_text_color__hover_enabled=\u00bboff\u00bb button_two_text_color__hover_enabled=\u00bboff\u00bb button_border_width__hover_enabled=\u00bboff\u00bb button_one_border_width__hover_enabled=\u00bboff\u00bb button_two_border_width__hover_enabled=\u00bboff\u00bb button_border_color__hover_enabled=\u00bbon\u00bb button_border_color__hover=\u00bb#ffffff\u00bb button_one_border_color__hover_enabled=\u00bboff\u00bb button_two_border_color__hover_enabled=\u00bboff\u00bb button_border_radius__hover_enabled=\u00bboff\u00bb button_one_border_radius__hover_enabled=\u00bboff\u00bb button_two_border_radius__hover_enabled=\u00bboff\u00bb button_letter_spacing__hover_enabled=\u00bboff\u00bb button_one_letter_spacing__hover_enabled=\u00bboff\u00bb button_two_letter_spacing__hover_enabled=\u00bboff\u00bb button_bg_color__hover_enabled=\u00bbon\u00bb button_bg_color__hover=\u00bb#1e2345&#8243; button_one_bg_color__hover_enabled=\u00bboff\u00bb button_two_bg_color__hover_enabled=\u00bboff\u00bb][\/et_pb_button][\/et_pb_column][\/et_pb_row][\/et_pb_section][et_pb_section fb_built=\u00bb1&#8243; _builder_version=\u00bb4.10.5&#8243; _module_preset=\u00bbdefault\u00bb background_image=\u00bbhttps:\/\/psb-marine.com\/wp-content\/uploads\/2020\/04\/PORT-ADRIANO.jpg\u00bb min_height=\u00bb300px\u00bb min_height_tablet=\u00bb240px\u00bb min_height_phone=\u00bb180px\u00bb min_height_last_edited=\u00bbon|phone\u00bb global_colors_info=\u00bb{}\u00bb][\/et_pb_section][et_pb_section fb_built=\u00bb1&#8243; _builder_version=\u00bb4.4.4&#8243; background_color=\u00bb#f7f7f7&#8243; custom_margin=\u00bb0px||||false|false\u00bb custom_padding=\u00bb||||false|false\u00bb global_colors_info=\u00bb{}\u00bb][et_pb_row _builder_version=\u00bb3.26.6&#8243; custom_padding=\u00bb40px|||||\u00bb global_colors_info=\u00bb{}\u00bb][et_pb_column type=\u00bb4_4&#8243; _builder_version=\u00bb3.26.6&#8243; global_colors_info=\u00bb{}\u00bb][et_pb_text disabled_on=\u00bbon|on|off\u00bb _builder_version=\u00bb3.29.2&#8243; header_2_font=\u00bb|700|||||||\u00bb header_2_text_align=\u00bbcenter\u00bb header_2_text_color=\u00bb#000000&#8243; header_2_font_size=\u00bb16px\u00bb text_orientation=\u00bbcenter\u00bb custom_padding=\u00bb||0px|||\u00bb global_colors_info=\u00bb{}\u00bb]<\/p>\n<h2>Con oficinas en toda Mallorca, somos reconocidos por nuestro impecable servicio.<\/h2>\n<p>Nuestras oficinas est\u00e1n ubicadas estrat\u00e9gicamente en los mejores puertos deportivos de la isla para poder ofrecer el mejor servicio de refit y posventa de embarcaciones.<\/p>\n<p>[\/et_pb_text][\/et_pb_column][\/et_pb_row][et_pb_row column_structure=\u00bb1_3,1_3,1_3&#8243; _builder_version=\u00bb3.26.6&#8243; custom_margin=\u00bb-9px|auto||auto||\u00bb global_colors_info=\u00bb{}\u00bb][et_pb_column type=\u00bb1_3&#8243; _builder_version=\u00bb3.26.6&#8243; background_enable_color=\u00bboff\u00bb background_enable_image=\u00bboff\u00bb background_blend=\u00bbmultiply\u00bb global_colors_info=\u00bb{}\u00bb][et_pb_image src=\u00bbhttps:\/\/psb-marine.com\/wp-content\/uploads\/2019\/08\/Port-Adriano.jpg\u00bb _builder_version=\u00bb4.10.5&#8243; z_index=\u00bb-1&#8243; filter_saturate=\u00bb30%\u00bb global_colors_info=\u00bb{}\u00bb][\/et_pb_image][et_pb_blurb title=\u00bbPuerto Adriano\u00bb use_icon=\u00bbon\u00bb font_icon=\u00bb%%249%%\u00bb content_max_width=\u00bb70%\u00bb use_icon_font_size=\u00bbon\u00bb icon_font_size=\u00bb59px\u00bb _builder_version=\u00bb4.10.5&#8243; header_level=\u00bbh2&#8243; header_font_size=\u00bb20px\u00bb background_color=\u00bb#ffffff\u00bb text_orientation=\u00bbcenter\u00bb width=\u00bb71%\u00bb module_alignment=\u00bbcenter\u00bb custom_margin=\u00bb-80px||||false|false\u00bb custom_padding=\u00bb30px|15px|30px|15px|true|true\u00bb border_color_all=\u00bb#66c4e6&#8243; box_shadow_style=\u00bbpreset3&#8243; box_shadow_color=\u00bbrgba(0,0,0,0.15)\u00bb global_colors_info=\u00bb{}\u00bb]<\/p>\n<p>(astillero)<br \/>971 23 45 22<\/p>\n<p>[\/et_pb_blurb][\/et_pb_column][et_pb_column type=\u00bb1_3&#8243; _builder_version=\u00bb3.26.6&#8243; global_colors_info=\u00bb{}\u00bb][et_pb_image src=\u00bbhttps:\/\/psb-marine.com\/wp-content\/uploads\/2019\/08\/Poligono.jpg\u00bb _builder_version=\u00bb4.10.5&#8243; z_index=\u00bb-1&#8243; filter_saturate=\u00bb30%\u00bb global_colors_info=\u00bb{}\u00bb][\/et_pb_image][et_pb_blurb title=\u00bbSanta Ponsa\u00bb use_icon=\u00bbon\u00bb font_icon=\u00bb%%249%%\u00bb content_max_width=\u00bb70%\u00bb use_icon_font_size=\u00bbon\u00bb icon_font_size=\u00bb59px\u00bb _builder_version=\u00bb4.10.5&#8243; header_level=\u00bbh2&#8243; header_font_size=\u00bb20px\u00bb background_color=\u00bb#ffffff\u00bb text_orientation=\u00bbcenter\u00bb width=\u00bb71%\u00bb module_alignment=\u00bbcenter\u00bb custom_margin=\u00bb-80px||||false|false\u00bb custom_padding=\u00bb30px|15px|30px|15px|true|true\u00bb box_shadow_style=\u00bbpreset3&#8243; box_shadow_color=\u00bbrgba(0,0,0,0.15)\u00bb global_colors_info=\u00bb{}\u00bb]<\/p>\n<p>(Pol. Son Bugadellas)<br \/>971 67 64 65<\/p>\n<p>[\/et_pb_blurb][\/et_pb_column][et_pb_column type=\u00bb1_3&#8243; _builder_version=\u00bb3.26.6&#8243; global_colors_info=\u00bb{}\u00bb][et_pb_image src=\u00bbhttps:\/\/psb-marine.com\/wp-content\/uploads\/2019\/08\/Puerto-Portals.jpg\u00bb _builder_version=\u00bb4.10.5&#8243; z_index=\u00bb-1&#8243; filter_saturate=\u00bb30%\u00bb global_colors_info=\u00bb{}\u00bb][\/et_pb_image][et_pb_blurb title=\u00bbPuerto Portals\u00bb use_icon=\u00bbon\u00bb font_icon=\u00bb%%249%%\u00bb content_max_width=\u00bb70%\u00bb use_icon_font_size=\u00bbon\u00bb icon_font_size=\u00bb59px\u00bb _builder_version=\u00bb3.28&#8243; header_level=\u00bbh2&#8243; header_font_size=\u00bb20px\u00bb background_color=\u00bb#ffffff\u00bb text_orientation=\u00bbcenter\u00bb width=\u00bb71%\u00bb module_alignment=\u00bbcenter\u00bb custom_margin=\u00bb-80px||||false|false\u00bb custom_padding=\u00bb30px|15px|30px|15px|true|true\u00bb box_shadow_style=\u00bbpreset3&#8243; box_shadow_color=\u00bbrgba(0,0,0,0.15)\u00bb global_colors_info=\u00bb{}\u00bb]<\/p>\n<p>(local 58)<br \/> 971 67 64 65<\/p>\n<p>[\/et_pb_blurb][\/et_pb_column][\/et_pb_row][\/et_pb_section]<\/p>\n","protected":false},"excerpt":{"rendered":"<p>Servicios para barcos y yates en MallorcaServicio de custodia y mantenimiento de Barcos y Yates en Mallorca En PSB Marine contamos con un equipo experimentado que incluye limpiadores e ingenieros que cuidar\u00e1n de su embarcaci\u00f3n cuando usted no est\u00e9, siempre entregando un servicio de buena calidad. Tendremos tu barco listo para tu llegada y tambi\u00e9n nos ocuparemos de \u00e9l cuando termine la temporada. Un programa adecuado de limpieza y mantenimiento durante el per\u00edodo invernal prolongar\u00e1 la vida \u00fatil de sus barcos y evitar\u00e1 que sufra aver\u00edas importantes, asegurando que est\u00e9 en buen estado y listo para salir cuando comience la temporada de navegaci\u00f3n.Servicio de invernaje en Mallorca \u00bfEst\u00e1 buscando las mejores instalaciones de almacenamiento interior para guardar su barco durante la temporada de invierno? En PSB Marine Service podemos ofrecerte el mejor servicio de invernaje en Mallorca. Tenemos nuestro propio almacenamiento interior de 1,000 metros cuadrados donde su barco puede estar seguro y protegido durante este per\u00edodo. Se ha demostrado que un programa de preparaci\u00f3n para el invierno adecuado alarga la vida \u00fatil de su embarcaci\u00f3n y reduce significativamente la cantidad de reparaciones necesarias. Tambi\u00e9n podemos encargarnos de recoger su barco de su amarre y entregarlo en el astillero, levantarlo [&hellip;]<\/p>\n","protected":false},"author":3,"featured_media":0,"parent":0,"menu_order":0,"comment_status":"closed","ping_status":"closed","template":"","meta":{"_et_pb_use_builder":"on","_et_pb_old_content":"","_et_gb_content_width":"","footnotes":""},"class_list":["post-52059","page","type-page","status-publish","hentry"],"_links":{"self":[{"href":"https:\/\/psb-marine.com\/es\/wp-json\/wp\/v2\/pages\/52059","targetHints":{"allow":["GET"]}}],"collection":[{"href":"https:\/\/psb-marine.com\/es\/wp-json\/wp\/v2\/pages"}],"about":[{"href":"https:\/\/psb-marine.com\/es\/wp-json\/wp\/v2\/types\/page"}],"author":[{"embeddable":true,"href":"https:\/\/psb-marine.com\/es\/wp-json\/wp\/v2\/users\/3"}],"replies":[{"embeddable":true,"href":"https:\/\/psb-marine.com\/es\/wp-json\/wp\/v2\/comments?post=52059"}],"version-history":[{"count":0,"href":"https:\/\/psb-marine.com\/es\/wp-json\/wp\/v2\/pages\/52059\/revisions"}],"wp:attachment":[{"href":"https:\/\/psb-marine.com\/es\/wp-json\/wp\/v2\/media?parent=52059"}],"curies":[{"name":"wp","href":"https:\/\/api.w.org\/{rel}","templated":true}]}}